{"id":2794,"date":"2024-02-15T17:44:41","date_gmt":"2024-02-15T23:44:41","guid":{"rendered":"https:\/\/loyzaga.mx\/?page_id=2794"},"modified":"2024-02-21T15:49:50","modified_gmt":"2024-02-21T21:49:50","slug":"about","status":"publish","type":"page","link":"https:\/\/loyzaga.mx\/es\/about\/","title":{"rendered":"Acerca"},"content":{"rendered":"<div data-elementor-type=\"wp-page\" data-elementor-id=\"2794\" class=\"elementor elementor-2794\" data-elementor-post-type=\"page\">\n\t\t\t\t\t\t<section class=\"elementor-section elementor-top-section elementor-element elementor-element-f7f3b69 elementor-section-boxed elementor-section-height-default elementor-section-height-default\" data-id=\"f7f3b69\" data-element_type=\"section\">\n\t\t\t\t\t\t<div class=\"elementor-container elementor-column-gap-default\">\n\t\t\t\t\t<div class=\"elementor-column elementor-col-100 elementor-top-column elementor-element elementor-element-2cc9852\" data-id=\"2cc9852\" data-element_type=\"column\">\n\t\t\t<div class=\"elementor-widget-wrap elementor-element-populated\">\n\t\t\t\t\t\t<div class=\"elementor-element elementor-element-aeb9b6e elementor-widget elementor-widget-heading\" data-id=\"aeb9b6e\" data-element_type=\"widget\" data-widget_type=\"heading.default\">\n\t\t\t\t<div class=\"elementor-widget-container\">\n\t\t\t<h2 class=\"elementor-heading-title elementor-size-default\">Nuestros Servicios<\/h2>\t\t<\/div>\n\t\t\t\t<\/div>\n\t\t\t\t<section class=\"elementor-section elementor-inner-section elementor-element elementor-element-ca85b3c elementor-section-boxed elementor-section-height-default elementor-section-height-default\" data-id=\"ca85b3c\" data-element_type=\"section\">\n\t\t\t\t\t\t<div class=\"elementor-container elementor-column-gap-default\">\n\t\t\t\t\t<div class=\"elementor-column elementor-col-33 elementor-inner-column elementor-element elementor-element-61da460\" data-id=\"61da460\" data-element_type=\"column\">\n\t\t\t<div class=\"elementor-widget-wrap\">\n\t\t\t\t\t\t\t<\/div>\n\t\t<\/div>\n\t\t\t\t<div class=\"elementor-column elementor-col-33 elementor-inner-column elementor-element elementor-element-c2426ad\" data-id=\"c2426ad\" data-element_type=\"column\">\n\t\t\t<div class=\"elementor-widget-wrap elementor-element-populated\">\n\t\t\t\t\t\t<div class=\"elementor-element elementor-element-52464de elementor-widget elementor-widget-heading\" data-id=\"52464de\" data-element_type=\"widget\" data-widget_type=\"heading.default\">\n\t\t\t\t<div class=\"elementor-widget-container\">\n\t\t\t<h2 class=\"elementor-heading-title elementor-size-default\">Dise\u00f1o Arquitect\u00f3nico<\/h2>\t\t<\/div>\n\t\t\t\t<\/div>\n\t\t\t\t<div class=\"elementor-element elementor-element-68c6535 elementor-widget elementor-widget-heading\" data-id=\"68c6535\" data-element_type=\"widget\" data-widget_type=\"heading.default\">\n\t\t\t\t<div class=\"elementor-widget-container\">\n\t\t\t<h2 class=\"elementor-heading-title elementor-size-default\">Dise\u00f1o de interiores residencial y comercial\n<\/h2>\t\t<\/div>\n\t\t\t\t<\/div>\n\t\t\t\t<div class=\"elementor-element elementor-element-e570cbf elementor-widget elementor-widget-heading\" data-id=\"e570cbf\" data-element_type=\"widget\" data-widget_type=\"heading.default\">\n\t\t\t\t<div class=\"elementor-widget-container\">\n\t\t\t<h2 class=\"elementor-heading-title elementor-size-default\">Dise\u00f1o de muebles y productos<\/h2>\t\t<\/div>\n\t\t\t\t<\/div>\n\t\t\t\t\t<\/div>\n\t\t<\/div>\n\t\t\t\t<div class=\"elementor-column elementor-col-33 elementor-inner-column elementor-element elementor-element-afdbe48\" data-id=\"afdbe48\" data-element_type=\"column\">\n\t\t\t<div class=\"elementor-widget-wrap\">\n\t\t\t\t\t\t\t<\/div>\n\t\t<\/div>\n\t\t\t\t\t<\/div>\n\t\t<\/section>\n\t\t\t\t<div class=\"elementor-element elementor-element-cb25561 elementor-widget elementor-widget-image\" data-id=\"cb25561\" data-element_type=\"widget\" data-widget_type=\"image.default\">\n\t\t\t\t<div class=\"elementor-widget-container\">\n\t\t\t\t\t\t\t\t\t\t\t\t\t<img fetchpriority=\"high\" decoding=\"async\" width=\"1280\" height=\"720\" src=\"https:\/\/loyzaga.mx\/wp-content\/uploads\/2024\/02\/About.jpg\" class=\"attachment-full size-full wp-image-2802\" alt=\"\" srcset=\"https:\/\/loyzaga.mx\/wp-content\/uploads\/2024\/02\/About.jpg 1280w, https:\/\/loyzaga.mx\/wp-content\/uploads\/2024\/02\/About-300x169.jpg 300w, https:\/\/loyzaga.mx\/wp-content\/uploads\/2024\/02\/About-1024x576.jpg 1024w, https:\/\/loyzaga.mx\/wp-content\/uploads\/2024\/02\/About-768x432.jpg 768w\" sizes=\"(max-width: 1280px) 100vw, 1280px\" \/>\t\t\t\t\t\t\t\t\t\t\t\t\t<\/div>\n\t\t\t\t<\/div>\n\t\t\t\t<div class=\"elementor-element elementor-element-17f1029 elementor-widget elementor-widget-spacer\" data-id=\"17f1029\" data-element_type=\"widget\" data-widget_type=\"spacer.default\">\n\t\t\t\t<div class=\"elementor-widget-container\">\n\t\t\t\t\t<div class=\"elementor-spacer\">\n\t\t\t<div class=\"elementor-spacer-inner\"><\/div>\n\t\t<\/div>\n\t\t\t\t<\/div>\n\t\t\t\t<\/div>\n\t\t\t\t<section class=\"elementor-section elementor-inner-section elementor-element elementor-element-cf68dba elementor-section-boxed elementor-section-height-default elementor-section-height-default\" data-id=\"cf68dba\" data-element_type=\"section\">\n\t\t\t\t\t\t<div class=\"elementor-container elementor-column-gap-default\">\n\t\t\t\t\t<div class=\"elementor-column elementor-col-33 elementor-inner-column elementor-element elementor-element-25863ab\" data-id=\"25863ab\" data-element_type=\"column\">\n\t\t\t<div class=\"elementor-widget-wrap\">\n\t\t\t\t\t\t\t<\/div>\n\t\t<\/div>\n\t\t\t\t<div class=\"elementor-column elementor-col-33 elementor-inner-column elementor-element elementor-element-4ad0f94\" data-id=\"4ad0f94\" data-element_type=\"column\">\n\t\t\t<div class=\"elementor-widget-wrap elementor-element-populated\">\n\t\t\t\t\t\t<div class=\"elementor-element elementor-element-b286f01 elementor-widget elementor-widget-heading\" data-id=\"b286f01\" data-element_type=\"widget\" data-widget_type=\"heading.default\">\n\t\t\t\t<div class=\"elementor-widget-container\">\n\t\t\t<h2 class=\"elementor-heading-title elementor-size-default\">Acerca Loyzaga<\/h2>\t\t<\/div>\n\t\t\t\t<\/div>\n\t\t\t\t<div class=\"elementor-element elementor-element-b895dd0 elementor-widget elementor-widget-text-editor\" data-id=\"b895dd0\" data-element_type=\"widget\" data-widget_type=\"text-editor.default\">\n\t\t\t\t<div class=\"elementor-widget-container\">\n\t\t\t\t\t\t\t<p>Durante toda su vida, Jorge Loyzaga se ha dedicado a imaginar y crear belleza en espacios y ha sido un defensor de la arquitectura y el dise\u00f1o tradicionales en sus m\u00faltiples formas y renacimientos. En sus casi 60 a\u00f1os de trabajo como el principal arquitecto cl\u00e1sico de M\u00e9xico, Jorge Loyzaga ha sido responsable de la creaci\u00f3n de m\u00e1s de 900 residencias y edificios c\u00edvicos en 4 continentes. Variando en tama\u00f1os y escalas se pueden apreciar edificios, casas, departamentos, ranchos, haciendas, desarrollos residenciales, hoteles y plazas en M\u00e9xico, Estados Unidos, Italia, Espa\u00f1a y Filipinas, as\u00ed como numerables restauraciones hist\u00f3ricas como la Catedral de la Ciudad de M\u00e9xico y el Fuerte de Guam, y la apertura de una Escuela de Oficios en Filipinas. Algo que siempre han tenido en com\u00fan todos los proyectos de Loyzaga es su encarnaci\u00f3n a las formas vern\u00e1culas en las que se inspiraron. Gracias a su preparaci\u00f3n acad\u00e9mica, estudiando las formas, la decoraci\u00f3n y los materiales, ha creado un sinf\u00edn de obras que han inspirado a arquitectos y patrones.<\/p>\t\t\t\t\t\t<\/div>\n\t\t\t\t<\/div>\n\t\t\t\t<div class=\"elementor-element elementor-element-70f5e23 elementor-widget elementor-widget-heading\" data-id=\"70f5e23\" data-element_type=\"widget\" data-widget_type=\"heading.default\">\n\t\t\t\t<div class=\"elementor-widget-container\">\n\t\t\t<h2 class=\"elementor-heading-title elementor-size-default\"><a href=\"https:\/\/www.amazon.com\/Jorge-Loyzaga-Classical-Harmonic-Proportions\/dp\/0847873676\" target=\"_blank\">Su trabajo ha sido documentado en el libro de Rizzoli de 2023; Jorge Loyzaga: <i>Proporciones Cl\u00e1sicas y Arm\u00f3nicas.<i><\/a><\/h2>\t\t<\/div>\n\t\t\t\t<\/div>\n\t\t\t\t<div class=\"elementor-element elementor-element-801f3ca elementor-widget elementor-widget-text-editor\" data-id=\"801f3ca\" data-element_type=\"widget\" data-widget_type=\"text-editor.default\">\n\t\t\t\t<div class=\"elementor-widget-container\">\n\t\t\t\t\t\t\t<p>El Estudio en la Ciudad de M\u00e9xico tambi\u00e9n sirve como Centro de Investigaci\u00f3n y escuela de oficios donde se han formado decenas de artesanos y arquitectos. El Estudio, ubicado en un edificio restaurado del siglo XVIII en el coraz\u00f3n de la ciudad, cuenta con una biblioteca de m\u00e1s de veinte mil libros de historia, arquitectura y decoraci\u00f3n que sirven no s\u00f3lo al equipo de Loyzaga Design, sino a investigadores de todo el pa\u00eds, as\u00ed como a artesanos, rescatando sus oficios y d\u00e1ndoles m\u00e1s valor.<\/p><p>En el 2019 se consolid\u00f3 Loyzaga Design como marca, con las hijas de Jorge; Fernanda y Sophia dentro del Estudio, continuando la misma tradici\u00f3n y cultura en el dise\u00f1o. Con toda\nuna vida de dedicaci\u00f3n al clasicismo, la participaci\u00f3n de sus hijas sostiene su visi\u00f3n para las generaciones futuras y permitir\u00e1 que la belleza creada por Loyzaga contin\u00fae.<\/p>\t\t\t\t\t\t<\/div>\n\t\t\t\t<\/div>\n\t\t\t\t<div class=\"elementor-element elementor-element-ac9a564 icono elementor-widget elementor-widget-image\" data-id=\"ac9a564\" data-element_type=\"widget\" data-widget_type=\"image.default\">\n\t\t\t\t<div class=\"elementor-widget-container\">\n\t\t\t\t\t\t\t\t\t\t\t\t\t<img decoding=\"async\" width=\"200\" height=\"200\" src=\"https:\/\/loyzaga.mx\/wp-content\/uploads\/2019\/04\/Icono_Loyzaga.png\" class=\"attachment-full size-full wp-image-35\" alt=\"\" \/>\t\t\t\t\t\t\t\t\t\t\t\t\t<\/div>\n\t\t\t\t<\/div>\n\t\t\t\t<div class=\"elementor-element elementor-element-8910648 elementor-widget elementor-widget-spacer\" data-id=\"8910648\" data-element_type=\"widget\" data-widget_type=\"spacer.default\">\n\t\t\t\t<div class=\"elementor-widget-container\">\n\t\t\t\t\t<div class=\"elementor-spacer\">\n\t\t\t<div class=\"elementor-spacer-inner\"><\/div>\n\t\t<\/div>\n\t\t\t\t<\/div>\n\t\t\t\t<\/div>\n\t\t\t\t\t<\/div>\n\t\t<\/div>\n\t\t\t\t<div class=\"elementor-column elementor-col-33 elementor-inner-column elementor-element elementor-element-1f8399a\" data-id=\"1f8399a\" data-element_type=\"column\">\n\t\t\t<div class=\"elementor-widget-wrap\">\n\t\t\t\t\t\t\t<\/div>\n\t\t<\/div>\n\t\t\t\t\t<\/div>\n\t\t<\/section>\n\t\t\t\t\t<\/div>\n\t\t<\/div>\n\t\t\t\t\t<\/div>\n\t\t<\/section>\n\t\t\t\t<\/div>","protected":false},"excerpt":{"rendered":"<p>Our services Architectural design Residential and commercial interior design Furniture and product design About Loyzaga For his entire life Jorge Loyzaga has been devoted to creating beauty in the built environment and has been a champion for traditional architecture and design in its many forms and revivals. In nearly 60 years of working as one [&hellip;]<\/p>","protected":false},"author":1,"featured_media":0,"parent":0,"menu_order":0,"comment_status":"closed","ping_status":"closed","template":"elementor_header_footer","meta":[],"_links":{"self":[{"href":"https:\/\/loyzaga.mx\/es\/wp-json\/wp\/v2\/pages\/2794"}],"collection":[{"href":"https:\/\/loyzaga.mx\/es\/wp-json\/wp\/v2\/pages"}],"about":[{"href":"https:\/\/loyzaga.mx\/es\/wp-json\/wp\/v2\/types\/page"}],"author":[{"embeddable":true,"href":"https:\/\/loyzaga.mx\/es\/wp-json\/wp\/v2\/users\/1"}],"replies":[{"embeddable":true,"href":"https:\/\/loyzaga.mx\/es\/wp-json\/wp\/v2\/comments?post=2794"}],"version-history":[{"count":11,"href":"https:\/\/loyzaga.mx\/es\/wp-json\/wp\/v2\/pages\/2794\/revisions"}],"predecessor-version":[{"id":3301,"href":"https:\/\/loyzaga.mx\/es\/wp-json\/wp\/v2\/pages\/2794\/revisions\/3301"}],"wp:attachment":[{"href":"https:\/\/loyzaga.mx\/es\/wp-json\/wp\/v2\/media?parent=2794"}],"curies":[{"name":"wp","href":"https:\/\/api.w.org\/{rel}","templated":true}]}}